{"id":133,"date":"2020-08-13T17:39:30","date_gmt":"2020-08-13T15:39:30","guid":{"rendered":"http:\/\/www.xn--rittervonkhnburg-tzb.at\/?page_id=133"},"modified":"2025-12-12T21:01:37","modified_gmt":"2025-12-12T20:01:37","slug":"wuerfe","status":"publish","type":"page","link":"http:\/\/www.xn--rittervonkhnburg-tzb.at\/?page_id=133","title":{"rendered":"W\u00fcrfe"},"content":{"rendered":"\n<p class=\"has-larger-font-size\"><strong>A-Wurf Ritter von Kh\u00fcnburg<\/strong><\/p>\n\n\n\n<figure class=\"wp-block-image size-medium\"><img loading=\"lazy\" decoding=\"async\" width=\"300\" height=\"300\" src=\"http:\/\/www.xn--rittervonkhnburg-tzb.at\/wp-content\/uploads\/2021\/12\/unnamed-300x300.jpg\" alt=\"\" class=\"wp-image-204\" srcset=\"http:\/\/www.xn--rittervonkhnburg-tzb.at\/wp-content\/uploads\/2021\/12\/unnamed-300x300.jpg 300w, http:\/\/www.xn--rittervonkhnburg-tzb.at\/wp-content\/uploads\/2021\/12\/unnamed-1024x1024.jpg 1024w, http:\/\/www.xn--rittervonkhnburg-tzb.at\/wp-content\/uploads\/2021\/12\/unnamed-150x150.jpg 150w, http:\/\/www.xn--rittervonkhnburg-tzb.at\/wp-content\/uploads\/2021\/12\/unnamed-768x768.jpg 768w, http:\/\/www.xn--rittervonkhnburg-tzb.at\/wp-content\/uploads\/2021\/12\/unnamed-1536x1536.jpg 1536w, http:\/\/www.xn--rittervonkhnburg-tzb.at\/wp-content\/uploads\/2021\/12\/unnamed-1200x1200.jpg 1200w, http:\/\/www.xn--rittervonkhnburg-tzb.at\/wp-content\/uploads\/2021\/12\/unnamed.jpg 1600w\" sizes=\"auto, (max-width: 300px) 100vw, 300px\" \/><\/figure>\n\n\n\n<p>10.09.2020 Fay hat 11 gesunde Welpen geboren. Es sind 4 R\u00fcden und 7 H\u00fcndinnen (Nuts van het Dreiland x Fay vom Hause Ritter)<\/p>\n\n\n\n<p class=\"has-large-font-size\"><strong>B-Wurf Ritter von Kh\u00fcnburg<\/strong><\/p>\n\n\n\n<figure class=\"wp-block-image size-medium\"><img loading=\"lazy\" decoding=\"async\" width=\"300\" height=\"200\" src=\"http:\/\/www.xn--rittervonkhnburg-tzb.at\/wp-content\/uploads\/2022\/05\/Fay-300x200.jpg\" alt=\"\" class=\"wp-image-234\" srcset=\"http:\/\/www.xn--rittervonkhnburg-tzb.at\/wp-content\/uploads\/2022\/05\/Fay-300x200.jpg 300w, http:\/\/www.xn--rittervonkhnburg-tzb.at\/wp-content\/uploads\/2022\/05\/Fay-1024x683.jpg 1024w, http:\/\/www.xn--rittervonkhnburg-tzb.at\/wp-content\/uploads\/2022\/05\/Fay-768x512.jpg 768w, http:\/\/www.xn--rittervonkhnburg-tzb.at\/wp-content\/uploads\/2022\/05\/Fay-1536x1024.jpg 1536w, http:\/\/www.xn--rittervonkhnburg-tzb.at\/wp-content\/uploads\/2022\/05\/Fay-2048x1365.jpg 2048w, http:\/\/www.xn--rittervonkhnburg-tzb.at\/wp-content\/uploads\/2022\/05\/Fay-1200x800.jpg 1200w, http:\/\/www.xn--rittervonkhnburg-tzb.at\/wp-content\/uploads\/2022\/05\/Fay-1980x1320.jpg 1980w\" sizes=\"auto, (max-width: 300px) 100vw, 300px\" \/><\/figure>\n\n\n\n<p>02.05.2022 Fay hat 13 gesunde Welpen geboren. Es sind 7 R\u00fcden und 6 H\u00fcndinnen. (Jussuf vom Haus Mecki x Fay vom Hause Ritter)<\/p>\n\n\n\n<p class=\"has-large-font-size\"><strong>C-Wurf Ritter von Kh\u00fcnburg<\/strong><\/p>\n\n\n\n<figure class=\"wp-block-image size-medium\"><img loading=\"lazy\" decoding=\"async\" width=\"300\" height=\"200\" src=\"http:\/\/www.xn--rittervonkhnburg-tzb.at\/wp-content\/uploads\/2022\/12\/Camelot-300x200.jpg\" alt=\"\" class=\"wp-image-273\" srcset=\"http:\/\/www.xn--rittervonkhnburg-tzb.at\/wp-content\/uploads\/2022\/12\/Camelot-300x200.jpg 300w, http:\/\/www.xn--rittervonkhnburg-tzb.at\/wp-content\/uploads\/2022\/12\/Camelot-1024x683.jpg 1024w, http:\/\/www.xn--rittervonkhnburg-tzb.at\/wp-content\/uploads\/2022\/12\/Camelot-768x512.jpg 768w, http:\/\/www.xn--rittervonkhnburg-tzb.at\/wp-content\/uploads\/2022\/12\/Camelot-1536x1024.jpg 1536w, http:\/\/www.xn--rittervonkhnburg-tzb.at\/wp-content\/uploads\/2022\/12\/Camelot-2048x1365.jpg 2048w, http:\/\/www.xn--rittervonkhnburg-tzb.at\/wp-content\/uploads\/2022\/12\/Camelot-1200x800.jpg 1200w, http:\/\/www.xn--rittervonkhnburg-tzb.at\/wp-content\/uploads\/2022\/12\/Camelot-1980x1320.jpg 1980w\" sizes=\"auto, (max-width: 300px) 100vw, 300px\" \/><\/figure>\n\n\n\n<p>26.08.2022 Hellea hat ein Einzelkind geboren. Dem kleinen R\u00fcden geht es gut. (Daimon vom Hause Ritter x Hellea vom Hause Ritter)<\/p>\n\n\n\n<h5 class=\"wp-block-heading\">D-Wurf Ritter von Kh\u00fcnburg<\/h5>\n\n\n\n<p>06.05.2025 Kali hat ein Einzelkind geboren. Der Mutter und dem kleinen R\u00fcden geht es gut. (Nico ROI 17\/176662 x Anubis Ritter von Kh\u00fcnburg)<\/p>\n\n\n\n<figure class=\"wp-block-image size-large\"><img loading=\"lazy\" decoding=\"async\" width=\"860\" height=\"1024\" src=\"http:\/\/www.xn--rittervonkhnburg-tzb.at\/wp-content\/uploads\/2025\/12\/Dash-1-860x1024.jpg\" alt=\"\" class=\"wp-image-339\" srcset=\"http:\/\/www.xn--rittervonkhnburg-tzb.at\/wp-content\/uploads\/2025\/12\/Dash-1-860x1024.jpg 860w, http:\/\/www.xn--rittervonkhnburg-tzb.at\/wp-content\/uploads\/2025\/12\/Dash-1-252x300.jpg 252w, http:\/\/www.xn--rittervonkhnburg-tzb.at\/wp-content\/uploads\/2025\/12\/Dash-1-768x915.jpg 768w, http:\/\/www.xn--rittervonkhnburg-tzb.at\/wp-content\/uploads\/2025\/12\/Dash-1.jpg 1179w\" sizes=\"auto, (max-width: 860px) 100vw, 860px\" \/><\/figure>\n","protected":false},"excerpt":{"rendered":"<p>A-Wurf Ritter von Kh\u00fcnburg 10.09.2020 Fay hat 11 gesunde Welpen geboren. Es sind 4 R\u00fcden und 7 H\u00fcndinnen (Nuts van het Dreiland x Fay vom Hause Ritter) B-Wurf Ritter von Kh\u00fcnburg 02.05.2022 Fay hat 13 gesunde Welpen geboren. Es sind 7 R\u00fcden und 6 H\u00fcndinnen. (Jussuf vom Haus Mecki x Fay vom Hause Ritter) C-Wurf [&hellip;]<\/p>\n","protected":false},"author":1,"featured_media":0,"parent":0,"menu_order":0,"comment_status":"closed","ping_status":"closed","template":"","meta":{"footnotes":""},"class_list":["post-133","page","type-page","status-publish","hentry"],"_links":{"self":[{"href":"http:\/\/www.xn--rittervonkhnburg-tzb.at\/index.php?rest_route=\/wp\/v2\/pages\/133","targetHints":{"allow":["GET"]}}],"collection":[{"href":"http:\/\/www.xn--rittervonkhnburg-tzb.at\/index.php?rest_route=\/wp\/v2\/pages"}],"about":[{"href":"http:\/\/www.xn--rittervonkhnburg-tzb.at\/index.php?rest_route=\/wp\/v2\/types\/page"}],"author":[{"embeddable":true,"href":"http:\/\/www.xn--rittervonkhnburg-tzb.at\/index.php?rest_route=\/wp\/v2\/users\/1"}],"replies":[{"embeddable":true,"href":"http:\/\/www.xn--rittervonkhnburg-tzb.at\/index.php?rest_route=%2Fwp%2Fv2%2Fcomments&post=133"}],"version-history":[{"count":10,"href":"http:\/\/www.xn--rittervonkhnburg-tzb.at\/index.php?rest_route=\/wp\/v2\/pages\/133\/revisions"}],"predecessor-version":[{"id":340,"href":"http:\/\/www.xn--rittervonkhnburg-tzb.at\/index.php?rest_route=\/wp\/v2\/pages\/133\/revisions\/340"}],"wp:attachment":[{"href":"http:\/\/www.xn--rittervonkhnburg-tzb.at\/index.php?rest_route=%2Fwp%2Fv2%2Fmedia&parent=133"}],"curies":[{"name":"wp","href":"https:\/\/api.w.org\/{rel}","templated":true}]}}