{"id":156,"date":"2021-06-18T18:34:29","date_gmt":"2021-06-18T16:34:29","guid":{"rendered":"http:\/\/www.xn--rittervonkhnburg-tzb.at\/?page_id=156"},"modified":"2021-07-28T15:31:36","modified_gmt":"2021-07-28T13:31:36","slug":"a-wurf-ritter-von-khuenburg","status":"publish","type":"page","link":"http:\/\/www.xn--rittervonkhnburg-tzb.at\/?page_id=156","title":{"rendered":"A-Wurf Ritter von Kh\u00fcnburg"},"content":{"rendered":"\n<div class=\"wp-block-group\"><div class=\"wp-block-group__inner-container is-layout-flow wp-block-group-is-layout-flow\">\n<div class=\"wp-block-group\"><div class=\"wp-block-group__inner-container is-layout-flow wp-block-group-is-layout-flow\">\n<p class=\"has-text-align-center\">(Nuts van het Dreiland X Fay vom Hause Ritter)<\/p>\n<\/div><\/div>\n<\/div><\/div>\n\n\n\n<figure class=\"wp-block-image size-large\"><img loading=\"lazy\" decoding=\"async\" width=\"1024\" height=\"670\" src=\"http:\/\/www.xn--rittervonkhnburg-tzb.at\/wp-content\/uploads\/2020\/04\/02822cd2-796b-42af-99fa-8791b6eb1e7a-1024x670.jpg\" alt=\"\" class=\"wp-image-47\" srcset=\"http:\/\/www.xn--rittervonkhnburg-tzb.at\/wp-content\/uploads\/2020\/04\/02822cd2-796b-42af-99fa-8791b6eb1e7a-1024x670.jpg 1024w, http:\/\/www.xn--rittervonkhnburg-tzb.at\/wp-content\/uploads\/2020\/04\/02822cd2-796b-42af-99fa-8791b6eb1e7a-300x196.jpg 300w, http:\/\/www.xn--rittervonkhnburg-tzb.at\/wp-content\/uploads\/2020\/04\/02822cd2-796b-42af-99fa-8791b6eb1e7a-768x503.jpg 768w, http:\/\/www.xn--rittervonkhnburg-tzb.at\/wp-content\/uploads\/2020\/04\/02822cd2-796b-42af-99fa-8791b6eb1e7a.jpg 1074w\" sizes=\"auto, (max-width: 1024px) 100vw, 1024px\" \/><\/figure>\n\n\n\n<p><strong><span class=\"has-inline-color has-primary-color\">4 R\u00fcden und 7 H\u00fcndinnen<\/span><\/strong><\/p>\n\n\n\n<p><a rel=\"noreferrer noopener\" href=\"https:\/\/www.working-dog.com\/dogs-details\/7055133\/Alexa-Ritter-von-Kh%C3%BCnburg?\" target=\"_blank\"><span class=\"has-inline-color has-secondary-color\">Alexa Ritter von Kh\u00fcnburg<\/span><\/a><br><a rel=\"noreferrer noopener\" href=\"https:\/\/www.working-dog.com\/dogs-details\/7055128\/Anima-Ritter-von-Kh%C3%BCnburg?\" target=\"_blank\">Anima Ritter von Kh\u00fcnburg<\/a><br><a rel=\"noreferrer noopener\" href=\"https:\/\/www.working-dog.com\/dogs-details\/7055131\/Anubis-Ritter-von-Kh%C3%BCnburg?\" target=\"_blank\">Anubis Ritter von Kh\u00fcnburg<\/a><br><a rel=\"noreferrer noopener\" href=\"https:\/\/www.working-dog.com\/dogs-details\/7055130\/Antonia-Luise-Ritter-von-Kh%C3%BCnburg?\" target=\"_blank\">Antonia Luise Ritter von Kh\u00fcnburg<\/a><br><a rel=\"noreferrer noopener\" href=\"https:\/\/www.working-dog.com\/dogs-details\/7055132\/Aria-Ritter-von-Kh%C3%BCnburg?\" target=\"_blank\">Aria Ritter von Kh\u00fcnburg<\/a><br><a href=\"https:\/\/www.working-dog.com\/dogs-details\/7055134\/Assina-Ritter-von-Kh%C3%BCnburg?\">Assina Ritter von Kh\u00fcnburg<\/a><br><a rel=\"noreferrer noopener\" href=\"https:\/\/www.working-dog.com\/dog\/Ava-Ritter-von-Kh%C3%BCnburg-7055135\/edit-user-release\/\" target=\"_blank\">Ava Ritter von Kh\u00fcnburg<\/a><\/p>\n\n\n\n<p><a href=\"https:\/\/www.working-dog.com\/dogs-details\/7055122\/Angus-Ritter-von-Kh%C3%BCnburg?\" target=\"_blank\" rel=\"noreferrer noopener\">Angus Ritter von Kh\u00fcnburg<\/a><br><a href=\"https:\/\/www.working-dog.com\/dogs-details\/7055123\/Anton-Louis-Ritter-von-Kh%C3%BCnburg?\" target=\"_blank\" rel=\"noreferrer noopener\">Anton Louis Ritter von Kh\u00fcnburg<\/a><br><a href=\"https:\/\/www.working-dog.com\/dogs-details\/7055125\/Apollo-Ritter-von-Kh%C3%BCnburg?\" target=\"_blank\" rel=\"noreferrer noopener\">Apollo Ritter von Kh\u00fcnburg<\/a><br><a href=\"https:\/\/www.working-dog.com\/dogs-details\/7055126\/Aruso-Ritter-von-Kh%C3%BCnburg\" target=\"_blank\" rel=\"noreferrer noopener\">Aruso Ritter von Kh\u00fcnburg<\/a><\/p>\n","protected":false},"excerpt":{"rendered":"<p>(Nuts van het Dreiland X Fay vom Hause Ritter) 4 R\u00fcden und 7 H\u00fcndinnen Alexa Ritter von Kh\u00fcnburgAnima Ritter von Kh\u00fcnburgAnubis Ritter von Kh\u00fcnburgAntonia Luise Ritter von Kh\u00fcnburgAria Ritter von Kh\u00fcnburgAssina Ritter von Kh\u00fcnburgAva Ritter von Kh\u00fcnburg Angus Ritter von Kh\u00fcnburgAnton Louis Ritter von Kh\u00fcnburgApollo Ritter von Kh\u00fcnburgAruso Ritter von Kh\u00fcnburg<\/p>\n","protected":false},"author":1,"featured_media":0,"parent":0,"menu_order":0,"comment_status":"closed","ping_status":"closed","template":"","meta":{"footnotes":""},"class_list":["post-156","page","type-page","status-publish","hentry"],"_links":{"self":[{"href":"http:\/\/www.xn--rittervonkhnburg-tzb.at\/index.php?rest_route=\/wp\/v2\/pages\/156","targetHints":{"allow":["GET"]}}],"collection":[{"href":"http:\/\/www.xn--rittervonkhnburg-tzb.at\/index.php?rest_route=\/wp\/v2\/pages"}],"about":[{"href":"http:\/\/www.xn--rittervonkhnburg-tzb.at\/index.php?rest_route=\/wp\/v2\/types\/page"}],"author":[{"embeddable":true,"href":"http:\/\/www.xn--rittervonkhnburg-tzb.at\/index.php?rest_route=\/wp\/v2\/users\/1"}],"replies":[{"embeddable":true,"href":"http:\/\/www.xn--rittervonkhnburg-tzb.at\/index.php?rest_route=%2Fwp%2Fv2%2Fcomments&post=156"}],"version-history":[{"count":6,"href":"http:\/\/www.xn--rittervonkhnburg-tzb.at\/index.php?rest_route=\/wp\/v2\/pages\/156\/revisions"}],"predecessor-version":[{"id":182,"href":"http:\/\/www.xn--rittervonkhnburg-tzb.at\/index.php?rest_route=\/wp\/v2\/pages\/156\/revisions\/182"}],"wp:attachment":[{"href":"http:\/\/www.xn--rittervonkhnburg-tzb.at\/index.php?rest_route=%2Fwp%2Fv2%2Fmedia&parent=156"}],"curies":[{"name":"wp","href":"https:\/\/api.w.org\/{rel}","templated":true}]}}