{"id":275,"date":"2022-12-26T16:37:23","date_gmt":"2022-12-26T15:37:23","guid":{"rendered":"http:\/\/www.xn--rittervonkhnburg-tzb.at\/?page_id=275"},"modified":"2022-12-26T16:38:05","modified_gmt":"2022-12-26T15:38:05","slug":"b-wurf","status":"publish","type":"page","link":"http:\/\/www.xn--rittervonkhnburg-tzb.at\/?page_id=275","title":{"rendered":"B-Wurf Ritter von Kh\u00fcnburg"},"content":{"rendered":"\n<p>Jussuf vom Haus Mecki x Fay vom Hause Ritter<\/p>\n\n\n\n<p><\/p>\n\n\n\n<p><a href=\"https:\/\/www.working-dog.com\/dogs-details\/7423962\/Bako-Ritter-von-Kh%C3%BCnburg%20image__link\" target=\"_blank\" rel=\"noreferrer noopener\">Bako Ritter von Kh\u00fcnburg<\/a><\/p>\n\n\n\n<p><a href=\"https:\/\/www.working-dog.com\/dogs-details\/7423961\/Bandit-Ritter-von-Kh%C3%BCnburg%20image__link\" target=\"_blank\" rel=\"noreferrer noopener\">Bandit Ritter von Kh\u00fcnburg<\/a><\/p>\n\n\n\n<p><a href=\"https:\/\/www.working-dog.com\/dogs-details\/7423963\/Ben-Ritter-von-Kh%C3%BCnburg%20image__link\" target=\"_blank\" rel=\"noreferrer noopener\">Ben Ritter von Kh\u00fcnburg<\/a><\/p>\n\n\n\n<p><a href=\"https:\/\/www.working-dog.com\/dogs-details\/7423964\/Bj%C3%B6rn-Ritter-von-Kh%C3%BCnburg%20image__link\" target=\"_blank\" rel=\"noreferrer noopener\">Bj\u00f6rn Ritter von Kh\u00fcnburg<\/a><\/p>\n\n\n\n<p><a href=\"https:\/\/www.working-dog.com\/dogs-details\/7423967\/Black-Jack-Ritter-von-Kh%C3%BCnburg%20image__link\" target=\"_blank\" rel=\"noreferrer noopener\">Black Jack Ritter von Kh\u00fcnburg<\/a><\/p>\n\n\n\n<p><a href=\"https:\/\/www.working-dog.com\/dogs-details\/7423968\/Boss-Ritter-von-Kh%C3%BCnburg\" target=\"_blank\" rel=\"noreferrer noopener\">Boss Ritter von Kh\u00fcnburg<\/a><\/p>\n\n\n\n<p><a href=\"https:\/\/www.working-dog.com\/dogs-details\/7423969\/Bruce-Ritter-von-Kh%C3%BCnburg%20image__link\" target=\"_blank\" rel=\"noreferrer noopener\">Bruce Ritter von Kh\u00fcnburg<\/a><\/p>\n\n\n\n<p><\/p>\n\n\n\n<p><a href=\"https:\/\/www.working-dog.com\/dogs-details\/7423970\/Belinda-Ritter-von-Kh%C3%BCnburg%20image__link\" target=\"_blank\" rel=\"noreferrer noopener\">Belinda Ritter von Kh\u00fcnburg<\/a><\/p>\n\n\n\n<p><a href=\"https:\/\/www.working-dog.com\/dogs-details\/7423971\/Bellatrix-Ritter-von-Kh%C3%BCnburg%20image__link\" target=\"_blank\" rel=\"noreferrer noopener\">Bellatrix Ritter von Kh\u00fcnburg<\/a><\/p>\n\n\n\n<p><a href=\"https:\/\/www.working-dog.com\/dogs-details\/7423972\/Biggi-Ritter-von-Kh%C3%BCnburg%20image__link\" target=\"_blank\" rel=\"noreferrer noopener\">Biggi Ritter von Kh\u00fcnburg<\/a><\/p>\n\n\n\n<p><a href=\"https:\/\/www.working-dog.com\/dogs-details\/7423973\/Bilani-Ritter-von-Kh%C3%BCnburg%20image__link\" target=\"_blank\" rel=\"noreferrer noopener\">Bilani Ritter von Kh\u00fcnburg <\/a><\/p>\n\n\n\n<p><a href=\"https:\/\/www.working-dog.com\/dogs-details\/7423974\/Bonny-Ritter-von-Kh%C3%BCnburg%20image__link\" target=\"_blank\" rel=\"noreferrer noopener\">Bonny Ritter von Kh\u00fcnburg<\/a><\/p>\n\n\n\n<p><a href=\"https:\/\/www.working-dog.com\/dogs-details\/7423975\/Brianna-Ritter-von-Kh%C3%BCnburg%20image__link\" target=\"_blank\" rel=\"noreferrer noopener\">Brianna Ritter von Kh\u00fcnburg <\/a><\/p>\n","protected":false},"excerpt":{"rendered":"<p>Jussuf vom Haus Mecki x Fay vom Hause Ritter Bako Ritter von Kh\u00fcnburg Bandit Ritter von Kh\u00fcnburg Ben Ritter von Kh\u00fcnburg Bj\u00f6rn Ritter von Kh\u00fcnburg Black Jack Ritter von Kh\u00fcnburg Boss Ritter von Kh\u00fcnburg Bruce Ritter von Kh\u00fcnburg Belinda Ritter von Kh\u00fcnburg Bellatrix Ritter von Kh\u00fcnburg Biggi Ritter von Kh\u00fcnburg Bilani Ritter von Kh\u00fcnburg Bonny [&hellip;]<\/p>\n","protected":false},"author":1,"featured_media":0,"parent":0,"menu_order":0,"comment_status":"closed","ping_status":"closed","template":"","meta":{"footnotes":""},"class_list":["post-275","page","type-page","status-publish","hentry"],"_links":{"self":[{"href":"http:\/\/www.xn--rittervonkhnburg-tzb.at\/index.php?rest_route=\/wp\/v2\/pages\/275","targetHints":{"allow":["GET"]}}],"collection":[{"href":"http:\/\/www.xn--rittervonkhnburg-tzb.at\/index.php?rest_route=\/wp\/v2\/pages"}],"about":[{"href":"http:\/\/www.xn--rittervonkhnburg-tzb.at\/index.php?rest_route=\/wp\/v2\/types\/page"}],"author":[{"embeddable":true,"href":"http:\/\/www.xn--rittervonkhnburg-tzb.at\/index.php?rest_route=\/wp\/v2\/users\/1"}],"replies":[{"embeddable":true,"href":"http:\/\/www.xn--rittervonkhnburg-tzb.at\/index.php?rest_route=%2Fwp%2Fv2%2Fcomments&post=275"}],"version-history":[{"count":2,"href":"http:\/\/www.xn--rittervonkhnburg-tzb.at\/index.php?rest_route=\/wp\/v2\/pages\/275\/revisions"}],"predecessor-version":[{"id":277,"href":"http:\/\/www.xn--rittervonkhnburg-tzb.at\/index.php?rest_route=\/wp\/v2\/pages\/275\/revisions\/277"}],"wp:attachment":[{"href":"http:\/\/www.xn--rittervonkhnburg-tzb.at\/index.php?rest_route=%2Fwp%2Fv2%2Fmedia&parent=275"}],"curies":[{"name":"wp","href":"https:\/\/api.w.org\/{rel}","templated":true}]}}