{"id":33,"date":"2020-04-27T17:54:45","date_gmt":"2020-04-27T15:54:45","guid":{"rendered":"http:\/\/www.xn--rittervonkhnburg-tzb.at\/?page_id=33"},"modified":"2024-05-04T19:58:21","modified_gmt":"2024-05-04T17:58:21","slug":"fay-vom-hause-ritter","status":"publish","type":"page","link":"http:\/\/www.xn--rittervonkhnburg-tzb.at\/?page_id=33","title":{"rendered":"Fay vom Hause Ritter \ud83d\udda4\ud83c\udf08\ud83d\udc3e\ud83d\udda4"},"content":{"rendered":"\n<p class=\"has-larger-font-size\"><a href=\"https:\/\/de.working-dog.com\/dogs-details\/2972393\/Fay-vom-Hause-Ritter\" target=\"_blank\" rel=\"noreferrer noopener\">Fay vom Hause Ritter<\/a><\/p>\n\n\n\n<p>geb.: 12.05.2015 &#8211; 29.03.2023<br>Belgischer Sch\u00e4ferhund &#8211; Malinois<\/p>\n\n\n\n<p>HD-A2, ED-0, L\u00dcW-1, CES frei, SDCA 1 (T\/C) SDCA 2 (T\/T) CJM (T\/C)<\/p>\n\n\n\n<p>BH Pr\u00fcfung<\/p>\n\n\n\n<p>IPO 1&nbsp;&nbsp;&nbsp;&nbsp;&nbsp;&nbsp;&nbsp;&nbsp;&nbsp;&nbsp;&nbsp;&nbsp;&nbsp;&nbsp;&nbsp;&nbsp;&nbsp;&nbsp;&nbsp;&nbsp;&nbsp; 13.10.2018 Punkte: 75\/87\/96<\/p>\n\n\n\n<p>IGP 2&nbsp;&nbsp;&nbsp;&nbsp;&nbsp;&nbsp;&nbsp;&nbsp;&nbsp;&nbsp;&nbsp;&nbsp;&nbsp;&nbsp;&nbsp;&nbsp;&nbsp;&nbsp;&nbsp;&nbsp;&nbsp;05.10.2019 Punkte: 80\/97\/93<\/p>\n\n\n\n<p>IGP 3                      29.10.2021 Punkte 85\/97\/94<\/p>\n\n\n\n<p>Wesens\u00fcberpr\u00fcfung VBS\u00d6 Wertnote 5\/5\/5\/5\/5\/5\/5\/5\/5\/5<br>Zuchtzulassung VBS\u00d6<br>Zuchtzulassung BSD ev. Wertnote V<\/p>\n\n\n\n<p>Austellungen:&nbsp;&nbsp;&nbsp;&nbsp;&nbsp;         27.05.2017 V BSD Speziale Magdeburg<br>&nbsp; &nbsp; &nbsp; &nbsp; &nbsp; &nbsp; &nbsp; &nbsp; &nbsp; &nbsp; &nbsp; &nbsp; &nbsp;&nbsp;&nbsp; &nbsp;&nbsp;&nbsp;&nbsp;&nbsp; &nbsp;10.06.2017 V1, CACA, CACIB, BOS <br>                                                     IHA Klagenfurt<br>&nbsp;&nbsp;&nbsp;&nbsp;&nbsp;&nbsp;&nbsp;&nbsp;&nbsp;&nbsp;&nbsp;&nbsp;&nbsp;&nbsp;&nbsp;&nbsp;&nbsp;&nbsp;&nbsp;&nbsp;&nbsp;&nbsp;&nbsp;&nbsp;&nbsp;&nbsp;&nbsp; &nbsp;&nbsp;&nbsp;&nbsp; &nbsp;&nbsp;09.09.2017 SG BDS Speziale Reimsbach<br>&nbsp;&nbsp;&nbsp;&nbsp;&nbsp;&nbsp;&nbsp;&nbsp;&nbsp;&nbsp;&nbsp;&nbsp;&nbsp;&nbsp;&nbsp;&nbsp;&nbsp;&nbsp;&nbsp;&nbsp;&nbsp;&nbsp;&nbsp;&nbsp;&nbsp;&nbsp;&nbsp;&nbsp;&nbsp;&nbsp; &nbsp;&nbsp;&nbsp;&nbsp;08.02.2018 V2, Res. CACA <br>                                                     VBS\u00d6 Klubschau   Ebreichsdorf<br>&nbsp;&nbsp;&nbsp;&nbsp;&nbsp;&nbsp;&nbsp;&nbsp;&nbsp;&nbsp;&nbsp;&nbsp;&nbsp;&nbsp;&nbsp;&nbsp;&nbsp;&nbsp;&nbsp;&nbsp;&nbsp;&nbsp;&nbsp;&nbsp;&nbsp; &nbsp;&nbsp;&nbsp;&nbsp;&nbsp;&nbsp; &nbsp;&nbsp;04.03.2018 V2, Res. CACA IHA Graz<br>&nbsp;&nbsp;&nbsp;&nbsp;&nbsp;&nbsp;&nbsp;&nbsp;&nbsp;&nbsp;&nbsp;&nbsp;&nbsp;&nbsp;&nbsp;&nbsp;&nbsp;&nbsp;&nbsp;&nbsp;&nbsp;&nbsp;&nbsp;&nbsp;&nbsp;&nbsp;&nbsp;&nbsp;&nbsp;&nbsp; &nbsp;&nbsp; &nbsp;08.04.2018 SG 4 IHA Salzburg<br>&nbsp;&nbsp;&nbsp;&nbsp;&nbsp;&nbsp;&nbsp;&nbsp;&nbsp;&nbsp;&nbsp;&nbsp;&nbsp;&nbsp;&nbsp;&nbsp;&nbsp;&nbsp;&nbsp;&nbsp;&nbsp;&nbsp;&nbsp;&nbsp;&nbsp;&nbsp; &nbsp;&nbsp;&nbsp;&nbsp;&nbsp;&nbsp; &nbsp;09.06.2018 V2, Res. CACA, Res. CACIB <br>                                                     IHA Klagenfurt<br>&nbsp;&nbsp;&nbsp;&nbsp;&nbsp;&nbsp;&nbsp;&nbsp;&nbsp;&nbsp;&nbsp;&nbsp;&nbsp;&nbsp;&nbsp;&nbsp;&nbsp;&nbsp;&nbsp;&nbsp;&nbsp;&nbsp;&nbsp;&nbsp;&nbsp;&nbsp;&nbsp;&nbsp; &nbsp;&nbsp;&nbsp; &nbsp; 10.06.2018 SG 2 IHA Klagenfurt<br>&nbsp;&nbsp;&nbsp;&nbsp;&nbsp;&nbsp;&nbsp;&nbsp;&nbsp;&nbsp;&nbsp;&nbsp;&nbsp;&nbsp;&nbsp;&nbsp;&nbsp;&nbsp;&nbsp;&nbsp;&nbsp;&nbsp;&nbsp;&nbsp;&nbsp;&nbsp;&nbsp; &nbsp;&nbsp;&nbsp; &nbsp; &nbsp;30.09.2018 V3 IHA Tulln<\/p>\n\n\n\n<figure class=\"wp-block-image size-large is-resized\"><img loading=\"lazy\" decoding=\"async\" width=\"1024\" height=\"577\" src=\"http:\/\/www.xn--rittervonkhnburg-tzb.at\/wp-content\/uploads\/2021\/12\/Fay-1024x577.jpg\" alt=\"\" class=\"wp-image-218\" style=\"width:1011px;height:569px\" srcset=\"http:\/\/www.xn--rittervonkhnburg-tzb.at\/wp-content\/uploads\/2021\/12\/Fay-1024x577.jpg 1024w, http:\/\/www.xn--rittervonkhnburg-tzb.at\/wp-content\/uploads\/2021\/12\/Fay-300x169.jpg 300w, http:\/\/www.xn--rittervonkhnburg-tzb.at\/wp-content\/uploads\/2021\/12\/Fay-768x433.jpg 768w, http:\/\/www.xn--rittervonkhnburg-tzb.at\/wp-content\/uploads\/2021\/12\/Fay.jpg 1170w\" sizes=\"auto, (max-width: 1024px) 100vw, 1024px\" \/><\/figure>\n\n\n\n<figure class=\"wp-block-image size-large\"><img loading=\"lazy\" decoding=\"async\" width=\"1024\" height=\"683\" src=\"http:\/\/www.xn--rittervonkhnburg-tzb.at\/wp-content\/uploads\/2020\/04\/IMG-6407-1024x683.jpg\" alt=\"\" class=\"wp-image-50\" srcset=\"http:\/\/www.xn--rittervonkhnburg-tzb.at\/wp-content\/uploads\/2020\/04\/IMG-6407-1024x683.jpg 1024w, http:\/\/www.xn--rittervonkhnburg-tzb.at\/wp-content\/uploads\/2020\/04\/IMG-6407-300x200.jpg 300w, http:\/\/www.xn--rittervonkhnburg-tzb.at\/wp-content\/uploads\/2020\/04\/IMG-6407-768x512.jpg 768w, http:\/\/www.xn--rittervonkhnburg-tzb.at\/wp-content\/uploads\/2020\/04\/IMG-6407-1536x1024.jpg 1536w, http:\/\/www.xn--rittervonkhnburg-tzb.at\/wp-content\/uploads\/2020\/04\/IMG-6407-1200x800.jpg 1200w, http:\/\/www.xn--rittervonkhnburg-tzb.at\/wp-content\/uploads\/2020\/04\/IMG-6407-1980x1320.jpg 1980w, http:\/\/www.xn--rittervonkhnburg-tzb.at\/wp-content\/uploads\/2020\/04\/IMG-6407.jpg 2048w\" sizes=\"auto, (max-width: 1024px) 100vw, 1024px\" \/><\/figure>\n\n\n\n<figure class=\"wp-block-image size-large\"><img loading=\"lazy\" decoding=\"async\" width=\"960\" height=\"640\" src=\"http:\/\/www.xn--rittervonkhnburg-tzb.at\/wp-content\/uploads\/2020\/04\/IMG-6400.jpg\" alt=\"\" class=\"wp-image-51\" srcset=\"http:\/\/www.xn--rittervonkhnburg-tzb.at\/wp-content\/uploads\/2020\/04\/IMG-6400.jpg 960w, http:\/\/www.xn--rittervonkhnburg-tzb.at\/wp-content\/uploads\/2020\/04\/IMG-6400-300x200.jpg 300w, http:\/\/www.xn--rittervonkhnburg-tzb.at\/wp-content\/uploads\/2020\/04\/IMG-6400-768x512.jpg 768w\" sizes=\"auto, (max-width: 960px) 100vw, 960px\" \/><\/figure>\n\n\n\n<figure class=\"wp-block-image size-large\"><img loading=\"lazy\" decoding=\"async\" width=\"1024\" height=\"819\" src=\"http:\/\/www.xn--rittervonkhnburg-tzb.at\/wp-content\/uploads\/2020\/04\/IMG-6417-1024x819.jpg\" alt=\"\" class=\"wp-image-52\" srcset=\"http:\/\/www.xn--rittervonkhnburg-tzb.at\/wp-content\/uploads\/2020\/04\/IMG-6417-1024x819.jpg 1024w, http:\/\/www.xn--rittervonkhnburg-tzb.at\/wp-content\/uploads\/2020\/04\/IMG-6417-300x240.jpg 300w, http:\/\/www.xn--rittervonkhnburg-tzb.at\/wp-content\/uploads\/2020\/04\/IMG-6417-768x614.jpg 768w, http:\/\/www.xn--rittervonkhnburg-tzb.at\/wp-content\/uploads\/2020\/04\/IMG-6417-1200x960.jpg 1200w, http:\/\/www.xn--rittervonkhnburg-tzb.at\/wp-content\/uploads\/2020\/04\/IMG-6417.jpg 1458w\" sizes=\"auto, (max-width: 1024px) 100vw, 1024px\" \/><\/figure>\n\n\n\n<figure class=\"wp-block-image size-large\"><img loading=\"lazy\" decoding=\"async\" width=\"960\" height=\"640\" src=\"http:\/\/www.xn--rittervonkhnburg-tzb.at\/wp-content\/uploads\/2020\/04\/IMG-6401.jpg\" alt=\"\" class=\"wp-image-53\" srcset=\"http:\/\/www.xn--rittervonkhnburg-tzb.at\/wp-content\/uploads\/2020\/04\/IMG-6401.jpg 960w, http:\/\/www.xn--rittervonkhnburg-tzb.at\/wp-content\/uploads\/2020\/04\/IMG-6401-300x200.jpg 300w, http:\/\/www.xn--rittervonkhnburg-tzb.at\/wp-content\/uploads\/2020\/04\/IMG-6401-768x512.jpg 768w\" sizes=\"auto, (max-width: 960px) 100vw, 960px\" \/><\/figure>\n\n\n\n<figure class=\"wp-block-image size-large\"><img loading=\"lazy\" decoding=\"async\" width=\"768\" height=\"1024\" src=\"http:\/\/www.xn--rittervonkhnburg-tzb.at\/wp-content\/uploads\/2020\/04\/IMG-6418-768x1024.jpg\" alt=\"\" class=\"wp-image-54\" srcset=\"http:\/\/www.xn--rittervonkhnburg-tzb.at\/wp-content\/uploads\/2020\/04\/IMG-6418-768x1024.jpg 768w, http:\/\/www.xn--rittervonkhnburg-tzb.at\/wp-content\/uploads\/2020\/04\/IMG-6418-225x300.jpg 225w, http:\/\/www.xn--rittervonkhnburg-tzb.at\/wp-content\/uploads\/2020\/04\/IMG-6418.jpg 855w\" sizes=\"auto, (max-width: 768px) 100vw, 768px\" \/><\/figure>\n\n\n\n<figure class=\"wp-block-image size-full\"><img loading=\"lazy\" decoding=\"async\" width=\"1600\" height=\"1066\" src=\"http:\/\/www.xn--rittervonkhnburg-tzb.at\/wp-content\/uploads\/2020\/04\/IMG-6411.jpg\" alt=\"\" class=\"wp-image-55\" srcset=\"http:\/\/www.xn--rittervonkhnburg-tzb.at\/wp-content\/uploads\/2020\/04\/IMG-6411.jpg 1600w, http:\/\/www.xn--rittervonkhnburg-tzb.at\/wp-content\/uploads\/2020\/04\/IMG-6411-300x200.jpg 300w, http:\/\/www.xn--rittervonkhnburg-tzb.at\/wp-content\/uploads\/2020\/04\/IMG-6411-1024x682.jpg 1024w, http:\/\/www.xn--rittervonkhnburg-tzb.at\/wp-content\/uploads\/2020\/04\/IMG-6411-768x512.jpg 768w, http:\/\/www.xn--rittervonkhnburg-tzb.at\/wp-content\/uploads\/2020\/04\/IMG-6411-1536x1023.jpg 1536w, http:\/\/www.xn--rittervonkhnburg-tzb.at\/wp-content\/uploads\/2020\/04\/IMG-6411-1200x800.jpg 1200w\" sizes=\"auto, (max-width: 1600px) 100vw, 1600px\" \/><\/figure>\n\n\n<div class=\"wp-block-image\">\n<figure class=\"aligncenter size-full\"><img loading=\"lazy\" decoding=\"async\" width=\"484\" height=\"689\" src=\"http:\/\/www.xn--rittervonkhnburg-tzb.at\/wp-content\/uploads\/2020\/04\/20180225_090625.jpg\" alt=\"\" class=\"wp-image-56\" srcset=\"http:\/\/www.xn--rittervonkhnburg-tzb.at\/wp-content\/uploads\/2020\/04\/20180225_090625.jpg 484w, http:\/\/www.xn--rittervonkhnburg-tzb.at\/wp-content\/uploads\/2020\/04\/20180225_090625-211x300.jpg 211w\" sizes=\"auto, (max-width: 484px) 100vw, 484px\" \/><\/figure>\n<\/div>\n\n\n<figure class=\"wp-block-image size-large\"><img loading=\"lazy\" decoding=\"async\" width=\"1024\" height=\"1008\" src=\"http:\/\/www.xn--rittervonkhnburg-tzb.at\/wp-content\/uploads\/2020\/04\/IMG-6419-1024x1008.jpg\" alt=\"\" class=\"wp-image-57\" srcset=\"http:\/\/www.xn--rittervonkhnburg-tzb.at\/wp-content\/uploads\/2020\/04\/IMG-6419-1024x1008.jpg 1024w, http:\/\/www.xn--rittervonkhnburg-tzb.at\/wp-content\/uploads\/2020\/04\/IMG-6419-300x295.jpg 300w, http:\/\/www.xn--rittervonkhnburg-tzb.at\/wp-content\/uploads\/2020\/04\/IMG-6419-768x756.jpg 768w, http:\/\/www.xn--rittervonkhnburg-tzb.at\/wp-content\/uploads\/2020\/04\/IMG-6419.jpg 1195w\" sizes=\"auto, (max-width: 1024px) 100vw, 1024px\" \/><\/figure>\n\n\n\n<figure class=\"wp-block-image size-large\"><img loading=\"lazy\" decoding=\"async\" width=\"402\" height=\"300\" src=\"http:\/\/www.xn--rittervonkhnburg-tzb.at\/wp-content\/uploads\/2020\/04\/IMG-6410.jpg\" alt=\"\" class=\"wp-image-58\" srcset=\"http:\/\/www.xn--rittervonkhnburg-tzb.at\/wp-content\/uploads\/2020\/04\/IMG-6410.jpg 402w, http:\/\/www.xn--rittervonkhnburg-tzb.at\/wp-content\/uploads\/2020\/04\/IMG-6410-300x224.jpg 300w\" sizes=\"auto, (max-width: 402px) 100vw, 402px\" \/><\/figure>\n\n\n\n<figure class=\"wp-block-image size-large\"><img loading=\"lazy\" decoding=\"async\" width=\"1024\" height=\"632\" src=\"http:\/\/www.xn--rittervonkhnburg-tzb.at\/wp-content\/uploads\/2020\/04\/IMG-6404-1024x632.jpg\" alt=\"\" class=\"wp-image-59\" srcset=\"http:\/\/www.xn--rittervonkhnburg-tzb.at\/wp-content\/uploads\/2020\/04\/IMG-6404-1024x632.jpg 1024w, http:\/\/www.xn--rittervonkhnburg-tzb.at\/wp-content\/uploads\/2020\/04\/IMG-6404-300x185.jpg 300w, http:\/\/www.xn--rittervonkhnburg-tzb.at\/wp-content\/uploads\/2020\/04\/IMG-6404-768x474.jpg 768w, http:\/\/www.xn--rittervonkhnburg-tzb.at\/wp-content\/uploads\/2020\/04\/IMG-6404-1536x947.jpg 1536w, http:\/\/www.xn--rittervonkhnburg-tzb.at\/wp-content\/uploads\/2020\/04\/IMG-6404-1200x740.jpg 1200w, http:\/\/www.xn--rittervonkhnburg-tzb.at\/wp-content\/uploads\/2020\/04\/IMG-6404-1980x1221.jpg 1980w, http:\/\/www.xn--rittervonkhnburg-tzb.at\/wp-content\/uploads\/2020\/04\/IMG-6404.jpg 2048w\" sizes=\"auto, (max-width: 1024px) 100vw, 1024px\" \/><\/figure>\n","protected":false},"excerpt":{"rendered":"<p>Fay vom Hause Ritter geb.: 12.05.2015 &#8211; 29.03.2023Belgischer Sch\u00e4ferhund &#8211; Malinois HD-A2, ED-0, L\u00dcW-1, CES frei, SDCA 1 (T\/C) SDCA 2 (T\/T) CJM (T\/C) BH Pr\u00fcfung IPO 1&nbsp;&nbsp;&nbsp;&nbsp;&nbsp;&nbsp;&nbsp;&nbsp;&nbsp;&nbsp;&nbsp;&nbsp;&nbsp;&nbsp;&nbsp;&nbsp;&nbsp;&nbsp;&nbsp;&nbsp;&nbsp; 13.10.2018 Punkte: 75\/87\/96 IGP 2&nbsp;&nbsp;&nbsp;&nbsp;&nbsp;&nbsp;&nbsp;&nbsp;&nbsp;&nbsp;&nbsp;&nbsp;&nbsp;&nbsp;&nbsp;&nbsp;&nbsp;&nbsp;&nbsp;&nbsp;&nbsp;05.10.2019 Punkte: 80\/97\/93 IGP 3 29.10.2021 Punkte 85\/97\/94 Wesens\u00fcberpr\u00fcfung VBS\u00d6 Wertnote 5\/5\/5\/5\/5\/5\/5\/5\/5\/5Zuchtzulassung VBS\u00d6Zuchtzulassung BSD ev. Wertnote V Austellungen:&nbsp;&nbsp;&nbsp;&nbsp;&nbsp; 27.05.2017 V BSD Speziale Magdeburg&nbsp; [&hellip;]<\/p>\n","protected":false},"author":1,"featured_media":0,"parent":0,"menu_order":0,"comment_status":"closed","ping_status":"closed","template":"","meta":{"footnotes":""},"class_list":["post-33","page","type-page","status-publish","hentry"],"_links":{"self":[{"href":"http:\/\/www.xn--rittervonkhnburg-tzb.at\/index.php?rest_route=\/wp\/v2\/pages\/33","targetHints":{"allow":["GET"]}}],"collection":[{"href":"http:\/\/www.xn--rittervonkhnburg-tzb.at\/index.php?rest_route=\/wp\/v2\/pages"}],"about":[{"href":"http:\/\/www.xn--rittervonkhnburg-tzb.at\/index.php?rest_route=\/wp\/v2\/types\/page"}],"author":[{"embeddable":true,"href":"http:\/\/www.xn--rittervonkhnburg-tzb.at\/index.php?rest_route=\/wp\/v2\/users\/1"}],"replies":[{"embeddable":true,"href":"http:\/\/www.xn--rittervonkhnburg-tzb.at\/index.php?rest_route=%2Fwp%2Fv2%2Fcomments&post=33"}],"version-history":[{"count":16,"href":"http:\/\/www.xn--rittervonkhnburg-tzb.at\/index.php?rest_route=\/wp\/v2\/pages\/33\/revisions"}],"predecessor-version":[{"id":325,"href":"http:\/\/www.xn--rittervonkhnburg-tzb.at\/index.php?rest_route=\/wp\/v2\/pages\/33\/revisions\/325"}],"wp:attachment":[{"href":"http:\/\/www.xn--rittervonkhnburg-tzb.at\/index.php?rest_route=%2Fwp%2Fv2%2Fmedia&parent=33"}],"curies":[{"name":"wp","href":"https:\/\/api.w.org\/{rel}","templated":true}]}}