{"id":7,"date":"2020-03-15T11:12:25","date_gmt":"2020-03-15T10:12:25","guid":{"rendered":"http:\/\/www.xn--rittervonkhnburg-tzb.at\/?page_id=7"},"modified":"2024-05-04T19:47:13","modified_gmt":"2024-05-04T17:47:13","slug":"ueber-uns","status":"publish","type":"page","link":"http:\/\/www.xn--rittervonkhnburg-tzb.at\/?page_id=7","title":{"rendered":"\u00dcber mich"},"content":{"rendered":"\n<figure class=\"wp-block-image size-large\"><img loading=\"lazy\" decoding=\"async\" width=\"960\" height=\"636\" src=\"http:\/\/www.xn--rittervonkhnburg-tzb.at\/wp-content\/uploads\/2020\/04\/IMG-6413.jpg\" alt=\"\" class=\"wp-image-98\" srcset=\"http:\/\/www.xn--rittervonkhnburg-tzb.at\/wp-content\/uploads\/2020\/04\/IMG-6413.jpg 960w, http:\/\/www.xn--rittervonkhnburg-tzb.at\/wp-content\/uploads\/2020\/04\/IMG-6413-300x199.jpg 300w, http:\/\/www.xn--rittervonkhnburg-tzb.at\/wp-content\/uploads\/2020\/04\/IMG-6413-768x509.jpg 768w\" sizes=\"auto, (max-width: 960px) 100vw, 960px\" \/><\/figure>\n\n\n\n<p>Mein Name ist Sabrina Sommer und ich lebe mit meinen drei Hunden im sch\u00f6nen Gailtal direkt am Presseggersee in K\u00e4rnten.<\/p>\n\n\n\n<p>Mein ganzes Leben verbringe ich schon mit Tieren. Zu Hause durfte ich als Kind nur Katzen haben. Deshalb war ich sehr viel bei den Pferden und Hunden des Reitstalls in der Nachbarschaft. Ich w\u00fcnschte mir schon immer sehnlichst einen Hund, doch meine Eltern wollten mir diesen Wunsch nicht erf\u00fcllen.<\/p>\n\n\n\n<p>Meinen sehnlichen Wunsch nach einem eigenem Hund konnte ich mir dann endlich im September 2009 erf\u00fcllen. Damals zog Aragon, ein entz\u00fcckender Border Collie Welpe, bei mir ein und mit ihm begann auch  schrittweise mein Interesse am Hundesport. Angefangen habe ich nur mit einem kleinen Parcours im Garten. Nach einigen richtigen Trainingseinheiten in der Hundeschule startete ich mit Aragon erfolgreich bei Turnieren im Breitensport und im Agility. <\/p>\n\n\n\n<p>2013 besuchte ich ein Seminar bei dem einige Malinois aus der Zucht vom Hause Ritter teilnahmen. Diese Hunde begeisterten mich sehr und ich fing an mich n\u00e4her mit der Rasse zu besch\u00e4ftigen. Es entstand der sehnliche Wunsch selbst einen Malinois besitzen zu d\u00fcrfen. 2014 war es dann endlich soweit und es  zog meine erste Malinois H\u00fcndin &#8222;Nuri van het Dreiland&#8220; bei mir ein. Nuri weckte bei mir auch sehr bald das Interesse zum IGP Sport. Schnell bemerkte ich, dass diese Sportart meine wahre Leidenschaft ist. <\/p>\n\n\n\n<p>2017 kam dann meine zweite Malinois H\u00fcndin &#8222;Fay vom Hause Ritter&#8220; dazu. Mit ihr war dann mein Rudel komplett. <\/p>\n\n\n\n<p>Ich besch\u00e4ftige mich schon seit einigen Jahren mit den Linien und der Zucht. In meinem Hundefreundeskreis sind einige Z\u00fcchter bei denen ich sehr viel \u00fcber die Zucht lernen durfte. Ich durfte auch beim H-Wurf vom Hause Ritter, dessen Mutter meine Nuri ist, bei der Geburt mit dabei sein und bei der Aufzucht der Welpen helfen.  <\/p>\n\n\n\n<p>Anfang 2020 gr\u00fcndete ich meine eigene Zuchtst\u00e4tte. Mein Ziel ist es Hunde f\u00fcr den Sport und Dienst zu z\u00fcchten, welche auch sozial und umg\u00e4nglich im Alltag sind. Der A-Wurf Ritter von Kh\u00fcnburg, dessen Mutter Fay vom Hause Ritter ist, ist im September 2020 gefallen. <br>Es folgten der B (Fay vom Hause Ritter) und der C Wurf (Hellea vom Hause Ritter) im Jahr 2022.<\/p>\n\n\n\n<p>Aus dem A-Wurf habe ich mir einen R\u00fcden Aruso Ritter von Kh\u00fcnburg behalten. Im Feber 2023 ver\u00e4nderte ich mich auch beruflich und wurde Hundef\u00fchrerin bei der Polizei in K\u00e4rnten. Aruso wurde ebenfalls von der Polizei \u00fcbernommen und macht seitdem mit mir gemeinsam Dienst. <\/p>\n\n\n\n<p>Im M\u00e4rz 2023 ist meine Fay leider pl\u00f6tzlich und unerwartet verstorben. <\/p>\n\n\n\n<p>Auch unerwartet wurde mir im Juli 2023 Anubis Ritter von Kh\u00fcnburg \u201eKali\u201c wieder zur\u00fcck gebracht. Ich sah in ihr sehr viele optische und charakterliche \u00c4hnlichkeiten mit Fay. F\u00fcr mich war klar Kali bleibt. Sie zeigt sich sehr gut und wird in die Fu\u00dfstapfen ihrer Mutter treten und die n\u00e4chste Zuchth\u00fcndin im Zwinger Ritter von Kh\u00fcnburg werden. Wenn alles klappt ist der D-Wurf Ritter von Kh\u00fcnburg im Fr\u00fchjahr 2025 geplant. <\/p>\n\n\n<div class=\"wp-block-image\">\n<figure class=\"alignleft size-medium\"><img loading=\"lazy\" decoding=\"async\" width=\"300\" height=\"200\" src=\"http:\/\/www.xn--rittervonkhnburg-tzb.at\/wp-content\/uploads\/2020\/04\/FB_IMG_1534798266374-300x200.jpg\" alt=\"\" class=\"wp-image-66\" srcset=\"http:\/\/www.xn--rittervonkhnburg-tzb.at\/wp-content\/uploads\/2020\/04\/FB_IMG_1534798266374-300x200.jpg 300w, http:\/\/www.xn--rittervonkhnburg-tzb.at\/wp-content\/uploads\/2020\/04\/FB_IMG_1534798266374-1024x683.jpg 1024w, http:\/\/www.xn--rittervonkhnburg-tzb.at\/wp-content\/uploads\/2020\/04\/FB_IMG_1534798266374-768x512.jpg 768w, http:\/\/www.xn--rittervonkhnburg-tzb.at\/wp-content\/uploads\/2020\/04\/FB_IMG_1534798266374.jpg 1080w\" sizes=\"auto, (max-width: 300px) 100vw, 300px\" \/><\/figure>\n<\/div>\n\n<div class=\"wp-block-image\">\n<figure class=\"alignright size-medium is-resized\"><img loading=\"lazy\" decoding=\"async\" width=\"300\" height=\"224\" src=\"http:\/\/www.xn--rittervonkhnburg-tzb.at\/wp-content\/uploads\/2020\/04\/IMG-6410-300x224.jpg\" alt=\"\" class=\"wp-image-58\" style=\"height:200px\" srcset=\"http:\/\/www.xn--rittervonkhnburg-tzb.at\/wp-content\/uploads\/2020\/04\/IMG-6410-300x224.jpg 300w, http:\/\/www.xn--rittervonkhnburg-tzb.at\/wp-content\/uploads\/2020\/04\/IMG-6410.jpg 402w\" sizes=\"auto, (max-width: 300px) 100vw, 300px\" \/><\/figure>\n<\/div>\n\n<div class=\"wp-block-image\">\n<figure class=\"aligncenter size-medium\"><img loading=\"lazy\" decoding=\"async\" width=\"300\" height=\"200\" src=\"http:\/\/www.xn--rittervonkhnburg-tzb.at\/wp-content\/uploads\/2020\/04\/FB_IMG_1519653944584-300x200.jpg\" alt=\"\" class=\"wp-image-67\" srcset=\"http:\/\/www.xn--rittervonkhnburg-tzb.at\/wp-content\/uploads\/2020\/04\/FB_IMG_1519653944584-300x200.jpg 300w, http:\/\/www.xn--rittervonkhnburg-tzb.at\/wp-content\/uploads\/2020\/04\/FB_IMG_1519653944584-1024x683.jpg 1024w, http:\/\/www.xn--rittervonkhnburg-tzb.at\/wp-content\/uploads\/2020\/04\/FB_IMG_1519653944584-768x512.jpg 768w, http:\/\/www.xn--rittervonkhnburg-tzb.at\/wp-content\/uploads\/2020\/04\/FB_IMG_1519653944584.jpg 1080w\" sizes=\"auto, (max-width: 300px) 100vw, 300px\" \/><\/figure>\n<\/div>\n\n\n<p><\/p>\n","protected":false},"excerpt":{"rendered":"<p>Mein Name ist Sabrina Sommer und ich lebe mit meinen drei Hunden im sch\u00f6nen Gailtal direkt am Presseggersee in K\u00e4rnten. Mein ganzes Leben verbringe ich schon mit Tieren. Zu Hause durfte ich als Kind nur Katzen haben. Deshalb war ich sehr viel bei den Pferden und Hunden des Reitstalls in der Nachbarschaft. Ich w\u00fcnschte mir [&hellip;]<\/p>\n","protected":false},"author":1,"featured_media":0,"parent":0,"menu_order":0,"comment_status":"closed","ping_status":"closed","template":"","meta":{"footnotes":""},"class_list":["post-7","page","type-page","status-publish","hentry"],"_links":{"self":[{"href":"http:\/\/www.xn--rittervonkhnburg-tzb.at\/index.php?rest_route=\/wp\/v2\/pages\/7","targetHints":{"allow":["GET"]}}],"collection":[{"href":"http:\/\/www.xn--rittervonkhnburg-tzb.at\/index.php?rest_route=\/wp\/v2\/pages"}],"about":[{"href":"http:\/\/www.xn--rittervonkhnburg-tzb.at\/index.php?rest_route=\/wp\/v2\/types\/page"}],"author":[{"embeddable":true,"href":"http:\/\/www.xn--rittervonkhnburg-tzb.at\/index.php?rest_route=\/wp\/v2\/users\/1"}],"replies":[{"embeddable":true,"href":"http:\/\/www.xn--rittervonkhnburg-tzb.at\/index.php?rest_route=%2Fwp%2Fv2%2Fcomments&post=7"}],"version-history":[{"count":11,"href":"http:\/\/www.xn--rittervonkhnburg-tzb.at\/index.php?rest_route=\/wp\/v2\/pages\/7\/revisions"}],"predecessor-version":[{"id":313,"href":"http:\/\/www.xn--rittervonkhnburg-tzb.at\/index.php?rest_route=\/wp\/v2\/pages\/7\/revisions\/313"}],"wp:attachment":[{"href":"http:\/\/www.xn--rittervonkhnburg-tzb.at\/index.php?rest_route=%2Fwp%2Fv2%2Fmedia&parent=7"}],"curies":[{"name":"wp","href":"https:\/\/api.w.org\/{rel}","templated":true}]}}