{"id":80,"date":"2020-04-27T18:31:28","date_gmt":"2020-04-27T16:31:28","guid":{"rendered":"http:\/\/www.xn--rittervonkhnburg-tzb.at\/?page_id=80"},"modified":"2021-12-30T17:25:47","modified_gmt":"2021-12-30T16:25:47","slug":"meine-hunde","status":"publish","type":"page","link":"http:\/\/www.xn--rittervonkhnburg-tzb.at\/?page_id=80","title":{"rendered":"Meine Hunde"},"content":{"rendered":"\n<p class=\"has-larger-font-size\"><a href=\"https:\/\/de.working-dog.com\/dogs-details\/2972393\/Fay-vom-Hause-Ritter\" target=\"_blank\" rel=\"noreferrer noopener\">Fay vom Hause Ritter<\/a><\/p>\n\n\n\n<figure class=\"wp-block-image size-thumbnail\"><img loading=\"lazy\" decoding=\"async\" width=\"150\" height=\"150\" src=\"http:\/\/www.xn--rittervonkhnburg-tzb.at\/wp-content\/uploads\/2020\/04\/IMG-6407-1-150x150.jpg\" alt=\"\" class=\"wp-image-81\"\/><figcaption><br><a rel=\"noreferrer noopener\" href=\"https:\/\/de.working-dog.com\/breed\/Ritter-von-Kh%C3%BCnburg-45730\/planning\" target=\"_blank\">Wurfplanung 2022 Fay vom Hause Ritter x Jussuf vom Haus Mecki<\/a><\/figcaption><\/figure>\n\n\n\n<p><\/p>\n\n\n\n<p class=\"has-larger-font-size\"><a rel=\"noreferrer noopener\" href=\"https:\/\/de.working-dog.com\/dogs-details\/2627355\/Nuri-van-het-Dreiland\" target=\"_blank\">Nuri van het Dreiland<\/a><\/p>\n\n\n\n<figure class=\"wp-block-image size-thumbnail\"><img loading=\"lazy\" decoding=\"async\" width=\"150\" height=\"150\" src=\"http:\/\/www.xn--rittervonkhnburg-tzb.at\/wp-content\/uploads\/2020\/04\/IMG-0775-150x150.jpg\" alt=\"\" class=\"wp-image-82\"\/><figcaption>Leider musste Nuri aufgrund einer Geb\u00e4rmutterentz\u00fcndung, die durch die Fehlgeburt entstand, kastriert werden und steht nicht mehr f\u00fcr die Zucht zur Verf\u00fcgung.<\/figcaption><\/figure>\n","protected":false},"excerpt":{"rendered":"<p>Fay vom Hause Ritter Nuri van het Dreiland<\/p>\n","protected":false},"author":1,"featured_media":0,"parent":0,"menu_order":0,"comment_status":"closed","ping_status":"closed","template":"","meta":{"footnotes":""},"class_list":["post-80","page","type-page","status-publish","hentry"],"_links":{"self":[{"href":"http:\/\/www.xn--rittervonkhnburg-tzb.at\/index.php?rest_route=\/wp\/v2\/pages\/80","targetHints":{"allow":["GET"]}}],"collection":[{"href":"http:\/\/www.xn--rittervonkhnburg-tzb.at\/index.php?rest_route=\/wp\/v2\/pages"}],"about":[{"href":"http:\/\/www.xn--rittervonkhnburg-tzb.at\/index.php?rest_route=\/wp\/v2\/types\/page"}],"author":[{"embeddable":true,"href":"http:\/\/www.xn--rittervonkhnburg-tzb.at\/index.php?rest_route=\/wp\/v2\/users\/1"}],"replies":[{"embeddable":true,"href":"http:\/\/www.xn--rittervonkhnburg-tzb.at\/index.php?rest_route=%2Fwp%2Fv2%2Fcomments&post=80"}],"version-history":[{"count":5,"href":"http:\/\/www.xn--rittervonkhnburg-tzb.at\/index.php?rest_route=\/wp\/v2\/pages\/80\/revisions"}],"predecessor-version":[{"id":217,"href":"http:\/\/www.xn--rittervonkhnburg-tzb.at\/index.php?rest_route=\/wp\/v2\/pages\/80\/revisions\/217"}],"wp:attachment":[{"href":"http:\/\/www.xn--rittervonkhnburg-tzb.at\/index.php?rest_route=%2Fwp%2Fv2%2Fmedia&parent=80"}],"curies":[{"name":"wp","href":"https:\/\/api.w.org\/{rel}","templated":true}]}}