{"id":95,"date":"2020-04-27T18:53:08","date_gmt":"2020-04-27T16:53:08","guid":{"rendered":"http:\/\/www.xn--rittervonkhnburg-tzb.at\/?page_id=95"},"modified":"2025-12-12T20:51:02","modified_gmt":"2025-12-12T19:51:02","slug":"news","status":"publish","type":"page","link":"http:\/\/www.xn--rittervonkhnburg-tzb.at\/?page_id=95","title":{"rendered":"News"},"content":{"rendered":"\n<p><\/p>\n\n\n\n<p>27.08.2025 Dash, der Welpe aus dem D-Wurf, zieht nach Deutschland und wird dort ein Rettungshund bei der Feuerwehr.<\/p>\n\n\n\n<p>06.05.2025 Anubis &#8222;Kali&#8220; Ritter von Kh\u00fcnburg hat einen gesunden Welpen zur Welt gebracht. Leider gab es bei der Geburt Komplikationen und das Geschwisterchen hat es nicht geschafft. <\/p>\n\n\n\n<p>04.03.2025 Anubis &#8222;Kali&#8220; Ritter von Kh\u00fcnburg wurde in S\u00fcdtirol von Nico ROI 17\/176662 belegt. Bei dem R\u00fcden handelt es sich um einen Mondio 3 Hund, der mit guten Nerven \u00fcberzeugt. <\/p>\n\n\n\n<p>10.11.2024 Anubis &#8222;Kali&#8220; Ritter von Kh\u00fcnburg besteht ihre IGP 1 mit 94\/95\/96 Punkten und ist somit zuchttauglich beim VBS\u00d6.<\/p>\n\n\n\n<p>19.09.2024 Anubis &#8222;Kali&#8220; Ritter von Kh\u00fcnburg besteht ihre ZTP.<\/p>\n\n\n\n<p>21.02.2024 Anubis \u201eKali\u201c Ritter von Kh\u00fcnburg ist wieder einen Schritt weiter in Richtung Zuchtzulassung. Sie ist frei von allem.<\/p>\n\n\n\n<p>SDCA 1 frei<br>SDCA 2 frei<br>CJM frei<br>CACA frei<br>DM frei<br>D-Lokus frei<br>CA 1 frei<\/p>\n\n\n\n<p>HD A, ED 0, OCD 0, L\u00dcW 0<\/p>\n\n\n\n<p>Ausstellungsergebnis SG<\/p>\n\n\n\n<figure class=\"wp-block-image size-large is-resized\"><img loading=\"lazy\" decoding=\"async\" width=\"768\" height=\"1024\" src=\"http:\/\/www.xn--rittervonkhnburg-tzb.at\/wp-content\/uploads\/2024\/05\/IMG_7722-1-768x1024.jpeg\" alt=\"\" class=\"wp-image-310\" style=\"width:149px;height:auto\" srcset=\"http:\/\/www.xn--rittervonkhnburg-tzb.at\/wp-content\/uploads\/2024\/05\/IMG_7722-1-768x1024.jpeg 768w, http:\/\/www.xn--rittervonkhnburg-tzb.at\/wp-content\/uploads\/2024\/05\/IMG_7722-1-225x300.jpeg 225w, http:\/\/www.xn--rittervonkhnburg-tzb.at\/wp-content\/uploads\/2024\/05\/IMG_7722-1-1152x1536.jpeg 1152w, http:\/\/www.xn--rittervonkhnburg-tzb.at\/wp-content\/uploads\/2024\/05\/IMG_7722-1-1536x2048.jpeg 1536w, http:\/\/www.xn--rittervonkhnburg-tzb.at\/wp-content\/uploads\/2024\/05\/IMG_7722-1-1200x1600.jpeg 1200w, http:\/\/www.xn--rittervonkhnburg-tzb.at\/wp-content\/uploads\/2024\/05\/IMG_7722-1-1980x2640.jpeg 1980w, http:\/\/www.xn--rittervonkhnburg-tzb.at\/wp-content\/uploads\/2024\/05\/IMG_7722-1-scaled.jpeg 1920w\" sizes=\"auto, (max-width: 768px) 100vw, 768px\" \/><\/figure>\n\n\n\n<p>10.10.2023 Anubis Ritter von Kh\u00fcnburg \u201eKali\u201c wurde Hauptger\u00f6ntgt. HD A, ED 0, L\u00dcW 0 und OCD 0. <\/p>\n\n\n\n<figure class=\"wp-block-image size-large is-resized\"><img loading=\"lazy\" decoding=\"async\" width=\"675\" height=\"1024\" src=\"http:\/\/www.xn--rittervonkhnburg-tzb.at\/wp-content\/uploads\/2024\/05\/IMG_8337-675x1024.jpeg\" alt=\"\" class=\"wp-image-309\" style=\"width:150px;height:auto\" srcset=\"http:\/\/www.xn--rittervonkhnburg-tzb.at\/wp-content\/uploads\/2024\/05\/IMG_8337-675x1024.jpeg 675w, http:\/\/www.xn--rittervonkhnburg-tzb.at\/wp-content\/uploads\/2024\/05\/IMG_8337-198x300.jpeg 198w, http:\/\/www.xn--rittervonkhnburg-tzb.at\/wp-content\/uploads\/2024\/05\/IMG_8337-768x1165.jpeg 768w, http:\/\/www.xn--rittervonkhnburg-tzb.at\/wp-content\/uploads\/2024\/05\/IMG_8337-1013x1536.jpeg 1013w, http:\/\/www.xn--rittervonkhnburg-tzb.at\/wp-content\/uploads\/2024\/05\/IMG_8337.jpeg 1014w\" sizes=\"auto, (max-width: 675px) 100vw, 675px\" \/><\/figure>\n\n\n\n<p>07.08.2023 Anubis Ritter von Kh\u00fcnburg hat heute ihre BH Pr\u00fcfung bestanden.<\/p>\n\n\n\n<figure class=\"wp-block-image size-large is-resized\"><img loading=\"lazy\" decoding=\"async\" width=\"678\" height=\"1024\" src=\"http:\/\/www.xn--rittervonkhnburg-tzb.at\/wp-content\/uploads\/2024\/05\/IMG_8339-678x1024.jpeg\" alt=\"\" class=\"wp-image-308\" style=\"width:138px;height:auto\" srcset=\"http:\/\/www.xn--rittervonkhnburg-tzb.at\/wp-content\/uploads\/2024\/05\/IMG_8339-678x1024.jpeg 678w, http:\/\/www.xn--rittervonkhnburg-tzb.at\/wp-content\/uploads\/2024\/05\/IMG_8339-199x300.jpeg 199w, http:\/\/www.xn--rittervonkhnburg-tzb.at\/wp-content\/uploads\/2024\/05\/IMG_8339-768x1160.jpeg 768w, http:\/\/www.xn--rittervonkhnburg-tzb.at\/wp-content\/uploads\/2024\/05\/IMG_8339-1017x1536.jpeg 1017w, http:\/\/www.xn--rittervonkhnburg-tzb.at\/wp-content\/uploads\/2024\/05\/IMG_8339.jpeg 1078w\" sizes=\"auto, (max-width: 678px) 100vw, 678px\" \/><\/figure>\n\n\n\n<p>16.07.2023 Heute ist Anubis Ritter von Kh\u00fcnburg wieder bei uns eingezogen. Da sie eine absolut geniale H\u00fcndin ist wird sie bleiben und als Zuchth\u00fcndin in Mama Fays Fu\u00dfstapfen treten. Sie ist Fay sowohl optisch als auch vom Wesen her sehr \u00e4hnlich.<\/p>\n\n\n\n<figure class=\"wp-block-image size-large is-resized\"><img loading=\"lazy\" decoding=\"async\" width=\"768\" height=\"1024\" src=\"http:\/\/www.xn--rittervonkhnburg-tzb.at\/wp-content\/uploads\/2024\/05\/IMG_8340-768x1024.jpeg\" alt=\"\" class=\"wp-image-307\" style=\"width:128px;height:auto\" srcset=\"http:\/\/www.xn--rittervonkhnburg-tzb.at\/wp-content\/uploads\/2024\/05\/IMG_8340-768x1024.jpeg 768w, http:\/\/www.xn--rittervonkhnburg-tzb.at\/wp-content\/uploads\/2024\/05\/IMG_8340-225x300.jpeg 225w, http:\/\/www.xn--rittervonkhnburg-tzb.at\/wp-content\/uploads\/2024\/05\/IMG_8340-1152x1536.jpeg 1152w, http:\/\/www.xn--rittervonkhnburg-tzb.at\/wp-content\/uploads\/2024\/05\/IMG_8340-1200x1600.jpeg 1200w, http:\/\/www.xn--rittervonkhnburg-tzb.at\/wp-content\/uploads\/2024\/05\/IMG_8340.jpeg 1536w\" sizes=\"auto, (max-width: 768px) 100vw, 768px\" \/><\/figure>\n\n\n\n<p>06.12.2022 Antonia Ritter von Kh\u00fcnburg hat ihre Dienstpr\u00fcfung bei der Polizei geschafft. Sie ist jetzt ein einsatzf\u00e4higer Diensthund! Herzlichen Gl\u00fcckwunsch!<\/p>\n\n\n\n<figure class=\"wp-block-image size-medium\"><img loading=\"lazy\" decoding=\"async\" width=\"122\" height=\"300\" src=\"http:\/\/www.xn--rittervonkhnburg-tzb.at\/wp-content\/uploads\/2022\/12\/Antonia-122x300.jpg\" alt=\"\" class=\"wp-image-294\" srcset=\"http:\/\/www.xn--rittervonkhnburg-tzb.at\/wp-content\/uploads\/2022\/12\/Antonia-122x300.jpg 122w, http:\/\/www.xn--rittervonkhnburg-tzb.at\/wp-content\/uploads\/2022\/12\/Antonia-418x1024.jpg 418w, http:\/\/www.xn--rittervonkhnburg-tzb.at\/wp-content\/uploads\/2022\/12\/Antonia.jpg 613w\" sizes=\"auto, (max-width: 122px) 100vw, 122px\" \/><\/figure>\n\n\n\n<p>30.11.2022 Aruso Ritter von Kh\u00fcnburg wurde hauptger\u00f6ntgt. Die Auswertung k\u00f6nnte nicht besser sein. HD A, ED 0 und OCD 0. Ich freu mich sehr!<\/p>\n\n\n\n<figure class=\"wp-block-image size-medium\"><img loading=\"lazy\" decoding=\"async\" width=\"182\" height=\"300\" src=\"http:\/\/www.xn--rittervonkhnburg-tzb.at\/wp-content\/uploads\/2022\/12\/Aruso-182x300.jpg\" alt=\"\" class=\"wp-image-293\" srcset=\"http:\/\/www.xn--rittervonkhnburg-tzb.at\/wp-content\/uploads\/2022\/12\/Aruso-182x300.jpg 182w, http:\/\/www.xn--rittervonkhnburg-tzb.at\/wp-content\/uploads\/2022\/12\/Aruso-620x1024.jpg 620w, http:\/\/www.xn--rittervonkhnburg-tzb.at\/wp-content\/uploads\/2022\/12\/Aruso-768x1268.jpg 768w, http:\/\/www.xn--rittervonkhnburg-tzb.at\/wp-content\/uploads\/2022\/12\/Aruso-930x1536.jpg 930w, http:\/\/www.xn--rittervonkhnburg-tzb.at\/wp-content\/uploads\/2022\/12\/Aruso-1240x2048.jpg 1240w, http:\/\/www.xn--rittervonkhnburg-tzb.at\/wp-content\/uploads\/2022\/12\/Aruso-1200x1981.jpg 1200w, http:\/\/www.xn--rittervonkhnburg-tzb.at\/wp-content\/uploads\/2022\/12\/Aruso.jpg 1531w\" sizes=\"auto, (max-width: 182px) 100vw, 182px\" \/><\/figure>\n\n\n\n<p>23.10.2022 Aria Ritter von Kh\u00fcnburg hat mit Verena Schwab die IBGH1 mit 96 Punkten bestanden. Herzlichen Gl\u00fcckwunsch!<\/p>\n\n\n\n<figure class=\"wp-block-image size-medium\"><img loading=\"lazy\" decoding=\"async\" width=\"300\" height=\"225\" src=\"http:\/\/www.xn--rittervonkhnburg-tzb.at\/wp-content\/uploads\/2022\/12\/Aria-300x225.jpg\" alt=\"\" class=\"wp-image-290\" srcset=\"http:\/\/www.xn--rittervonkhnburg-tzb.at\/wp-content\/uploads\/2022\/12\/Aria-300x225.jpg 300w, http:\/\/www.xn--rittervonkhnburg-tzb.at\/wp-content\/uploads\/2022\/12\/Aria-1024x768.jpg 1024w, http:\/\/www.xn--rittervonkhnburg-tzb.at\/wp-content\/uploads\/2022\/12\/Aria-768x576.jpg 768w, http:\/\/www.xn--rittervonkhnburg-tzb.at\/wp-content\/uploads\/2022\/12\/Aria-1536x1152.jpg 1536w, http:\/\/www.xn--rittervonkhnburg-tzb.at\/wp-content\/uploads\/2022\/12\/Aria-1200x900.jpg 1200w, http:\/\/www.xn--rittervonkhnburg-tzb.at\/wp-content\/uploads\/2022\/12\/Aria-1980x1485.jpg 1980w, http:\/\/www.xn--rittervonkhnburg-tzb.at\/wp-content\/uploads\/2022\/12\/Aria.jpg 2048w\" sizes=\"auto, (max-width: 300px) 100vw, 300px\" \/><\/figure>\n\n\n\n<p>02.10.2022 Nuri van het Dreiland und ich sind Landesmeister in der IBGH3! Beim 2. Durchgang der K\u00e4rntner Landesmeisterschaft erreichten wir au\u00dferdem noch den Tagessieg. Gleich 2 Mal an einem Tag ganz oben auf dem Stockerl! <\/p>\n\n\n\n<figure class=\"wp-block-image size-medium\"><img loading=\"lazy\" decoding=\"async\" width=\"300\" height=\"225\" src=\"http:\/\/www.xn--rittervonkhnburg-tzb.at\/wp-content\/uploads\/2022\/12\/Nuri-1-300x225.jpg\" alt=\"\" class=\"wp-image-288\" srcset=\"http:\/\/www.xn--rittervonkhnburg-tzb.at\/wp-content\/uploads\/2022\/12\/Nuri-1-300x225.jpg 300w, http:\/\/www.xn--rittervonkhnburg-tzb.at\/wp-content\/uploads\/2022\/12\/Nuri-1-1024x768.jpg 1024w, http:\/\/www.xn--rittervonkhnburg-tzb.at\/wp-content\/uploads\/2022\/12\/Nuri-1-768x576.jpg 768w, http:\/\/www.xn--rittervonkhnburg-tzb.at\/wp-content\/uploads\/2022\/12\/Nuri-1-1536x1152.jpg 1536w, http:\/\/www.xn--rittervonkhnburg-tzb.at\/wp-content\/uploads\/2022\/12\/Nuri-1-1200x900.jpg 1200w, http:\/\/www.xn--rittervonkhnburg-tzb.at\/wp-content\/uploads\/2022\/12\/Nuri-1-1980x1485.jpg 1980w, http:\/\/www.xn--rittervonkhnburg-tzb.at\/wp-content\/uploads\/2022\/12\/Nuri-1.jpg 2048w\" sizes=\"auto, (max-width: 300px) 100vw, 300px\" \/><\/figure>\n\n\n\n<figure class=\"wp-block-image size-medium\"><img loading=\"lazy\" decoding=\"async\" width=\"225\" height=\"300\" src=\"http:\/\/www.xn--rittervonkhnburg-tzb.at\/wp-content\/uploads\/2022\/12\/Nuri-2-225x300.jpg\" alt=\"\" class=\"wp-image-289\" srcset=\"http:\/\/www.xn--rittervonkhnburg-tzb.at\/wp-content\/uploads\/2022\/12\/Nuri-2-225x300.jpg 225w, http:\/\/www.xn--rittervonkhnburg-tzb.at\/wp-content\/uploads\/2022\/12\/Nuri-2-768x1024.jpg 768w, http:\/\/www.xn--rittervonkhnburg-tzb.at\/wp-content\/uploads\/2022\/12\/Nuri-2-1152x1536.jpg 1152w, http:\/\/www.xn--rittervonkhnburg-tzb.at\/wp-content\/uploads\/2022\/12\/Nuri-2-1200x1600.jpg 1200w, http:\/\/www.xn--rittervonkhnburg-tzb.at\/wp-content\/uploads\/2022\/12\/Nuri-2.jpg 1536w\" sizes=\"auto, (max-width: 225px) 100vw, 225px\" \/><\/figure>\n\n\n\n<p>01.10.2022 Aruso Ritter von Kh\u00fcnburg hat seine IBGH1 mit 99 Punkten bestanden.<\/p>\n\n\n\n<figure class=\"wp-block-image size-medium\"><img loading=\"lazy\" decoding=\"async\" width=\"225\" height=\"300\" src=\"http:\/\/www.xn--rittervonkhnburg-tzb.at\/wp-content\/uploads\/2022\/12\/Aruso-3-225x300.jpg\" alt=\"\" class=\"wp-image-286\" srcset=\"http:\/\/www.xn--rittervonkhnburg-tzb.at\/wp-content\/uploads\/2022\/12\/Aruso-3-225x300.jpg 225w, http:\/\/www.xn--rittervonkhnburg-tzb.at\/wp-content\/uploads\/2022\/12\/Aruso-3-768x1024.jpg 768w, http:\/\/www.xn--rittervonkhnburg-tzb.at\/wp-content\/uploads\/2022\/12\/Aruso-3-1152x1536.jpg 1152w, http:\/\/www.xn--rittervonkhnburg-tzb.at\/wp-content\/uploads\/2022\/12\/Aruso-3.jpg 1200w\" sizes=\"auto, (max-width: 225px) 100vw, 225px\" \/><\/figure>\n\n\n\n<figure class=\"wp-block-image size-medium\"><img loading=\"lazy\" decoding=\"async\" width=\"225\" height=\"300\" src=\"http:\/\/www.xn--rittervonkhnburg-tzb.at\/wp-content\/uploads\/2022\/12\/Aruso-4-225x300.jpg\" alt=\"\" class=\"wp-image-287\" srcset=\"http:\/\/www.xn--rittervonkhnburg-tzb.at\/wp-content\/uploads\/2022\/12\/Aruso-4-225x300.jpg 225w, http:\/\/www.xn--rittervonkhnburg-tzb.at\/wp-content\/uploads\/2022\/12\/Aruso-4-768x1024.jpg 768w, http:\/\/www.xn--rittervonkhnburg-tzb.at\/wp-content\/uploads\/2022\/12\/Aruso-4-1152x1536.jpg 1152w, http:\/\/www.xn--rittervonkhnburg-tzb.at\/wp-content\/uploads\/2022\/12\/Aruso-4-1200x1600.jpg 1200w, http:\/\/www.xn--rittervonkhnburg-tzb.at\/wp-content\/uploads\/2022\/12\/Aruso-4.jpg 1536w\" sizes=\"auto, (max-width: 225px) 100vw, 225px\" \/><\/figure>\n\n\n\n<p>26.09.2022 Assina Ritter von Kh\u00fcnburg hat mit Romana Hofbauer ihre IBGH1 mit 88 Punkten geschafft. Herzlichen Gl\u00fcckwunsch!<\/p>\n\n\n\n<figure class=\"wp-block-image size-medium\"><img loading=\"lazy\" decoding=\"async\" width=\"146\" height=\"300\" src=\"http:\/\/www.xn--rittervonkhnburg-tzb.at\/wp-content\/uploads\/2022\/12\/Assina-146x300.jpg\" alt=\"\" class=\"wp-image-296\" srcset=\"http:\/\/www.xn--rittervonkhnburg-tzb.at\/wp-content\/uploads\/2022\/12\/Assina-146x300.jpg 146w, http:\/\/www.xn--rittervonkhnburg-tzb.at\/wp-content\/uploads\/2022\/12\/Assina-498x1024.jpg 498w, http:\/\/www.xn--rittervonkhnburg-tzb.at\/wp-content\/uploads\/2022\/12\/Assina.jpg 640w\" sizes=\"auto, (max-width: 146px) 100vw, 146px\" \/><\/figure>\n\n\n\n<p>26.08.2022 Hellea vom Hause Ritter hat 1 gesunden R\u00fcden geboren. <\/p>\n\n\n\n<figure class=\"wp-block-image size-medium\"><img loading=\"lazy\" decoding=\"async\" width=\"300\" height=\"200\" src=\"http:\/\/www.xn--rittervonkhnburg-tzb.at\/wp-content\/uploads\/2022\/12\/Camelot-1-300x200.jpg\" alt=\"\" class=\"wp-image-285\" srcset=\"http:\/\/www.xn--rittervonkhnburg-tzb.at\/wp-content\/uploads\/2022\/12\/Camelot-1-300x200.jpg 300w, http:\/\/www.xn--rittervonkhnburg-tzb.at\/wp-content\/uploads\/2022\/12\/Camelot-1-1024x683.jpg 1024w, http:\/\/www.xn--rittervonkhnburg-tzb.at\/wp-content\/uploads\/2022\/12\/Camelot-1-768x512.jpg 768w, http:\/\/www.xn--rittervonkhnburg-tzb.at\/wp-content\/uploads\/2022\/12\/Camelot-1-1536x1024.jpg 1536w, http:\/\/www.xn--rittervonkhnburg-tzb.at\/wp-content\/uploads\/2022\/12\/Camelot-1-2048x1365.jpg 2048w, http:\/\/www.xn--rittervonkhnburg-tzb.at\/wp-content\/uploads\/2022\/12\/Camelot-1-1200x800.jpg 1200w, http:\/\/www.xn--rittervonkhnburg-tzb.at\/wp-content\/uploads\/2022\/12\/Camelot-1-1980x1320.jpg 1980w\" sizes=\"auto, (max-width: 300px) 100vw, 300px\" \/><\/figure>\n\n\n\n<p>22.07.2022 Hellea vom Hause Ritter ist laut Ultraschall tragend. <\/p>\n\n\n\n<figure class=\"wp-block-image size-medium\"><img loading=\"lazy\" decoding=\"async\" width=\"300\" height=\"196\" src=\"http:\/\/www.xn--rittervonkhnburg-tzb.at\/wp-content\/uploads\/2022\/07\/IMG-7348-300x196.jpg\" alt=\"\" class=\"wp-image-243\" srcset=\"http:\/\/www.xn--rittervonkhnburg-tzb.at\/wp-content\/uploads\/2022\/07\/IMG-7348-300x196.jpg 300w, http:\/\/www.xn--rittervonkhnburg-tzb.at\/wp-content\/uploads\/2022\/07\/IMG-7348-1024x669.jpg 1024w, http:\/\/www.xn--rittervonkhnburg-tzb.at\/wp-content\/uploads\/2022\/07\/IMG-7348-768x501.jpg 768w, http:\/\/www.xn--rittervonkhnburg-tzb.at\/wp-content\/uploads\/2022\/07\/IMG-7348.jpg 1170w\" sizes=\"auto, (max-width: 300px) 100vw, 300px\" \/><\/figure>\n\n\n\n<p>24.06.2022 Hellea vom Hause Ritter wurde von Daimon vom Hause Ritter belegt. Wenn alles klappt erwarten wir Ende August unseren C-Wurf Ritter von Kh\u00fcnburg.<\/p>\n\n\n\n<figure class=\"wp-block-image size-medium\"><img loading=\"lazy\" decoding=\"async\" width=\"300\" height=\"200\" src=\"http:\/\/www.xn--rittervonkhnburg-tzb.at\/wp-content\/uploads\/2022\/05\/Fay-2-300x200.jpg\" alt=\"\" class=\"wp-image-239\" srcset=\"http:\/\/www.xn--rittervonkhnburg-tzb.at\/wp-content\/uploads\/2022\/05\/Fay-2-300x200.jpg 300w, http:\/\/www.xn--rittervonkhnburg-tzb.at\/wp-content\/uploads\/2022\/05\/Fay-2-1024x683.jpg 1024w, http:\/\/www.xn--rittervonkhnburg-tzb.at\/wp-content\/uploads\/2022\/05\/Fay-2-768x512.jpg 768w, http:\/\/www.xn--rittervonkhnburg-tzb.at\/wp-content\/uploads\/2022\/05\/Fay-2-1536x1024.jpg 1536w, http:\/\/www.xn--rittervonkhnburg-tzb.at\/wp-content\/uploads\/2022\/05\/Fay-2-2048x1365.jpg 2048w, http:\/\/www.xn--rittervonkhnburg-tzb.at\/wp-content\/uploads\/2022\/05\/Fay-2-1200x800.jpg 1200w, http:\/\/www.xn--rittervonkhnburg-tzb.at\/wp-content\/uploads\/2022\/05\/Fay-2-1980x1320.jpg 1980w\" sizes=\"auto, (max-width: 300px) 100vw, 300px\" \/><\/figure>\n\n\n\n<p>02.05.2022 Fay vom Hause Ritter hat 13 gesunde Welpen geboren. Es sind 7 R\u00fcden und 6 H\u00fcndinnen. <\/p>\n\n\n\n<p>21.03.2022 Antonia Ritter von Kh\u00fcnburg wurde hauptger\u00f6ngt. Das Ergebnis k\u00f6nnte nicht besser sein. HD A, ED 0 und OCD 0. Ich freu mich sehr!<\/p>\n\n\n\n<p>02.03.2022 Fay vom Hause Ritter wurde heute von Jussuf vom Haus Mecki belegt. <\/p>\n\n\n\n<p>30.10.2021 Fay vom Hause Ritter (85\/97\/94) und Nuri van het Dreiland (94\/95\/94) haben heute beide ihre IGP 3 mit Sehr gutem Erfolg bestanden! Ich bin mega stolz auf meine beiden M\u00e4dels!!!!<\/p>\n\n\n\n<figure class=\"wp-block-image size-medium\"><img loading=\"lazy\" decoding=\"async\" width=\"225\" height=\"300\" src=\"http:\/\/www.xn--rittervonkhnburg-tzb.at\/wp-content\/uploads\/2021\/12\/IMG-0750-225x300.jpg\" alt=\"\" class=\"wp-image-200\" srcset=\"http:\/\/www.xn--rittervonkhnburg-tzb.at\/wp-content\/uploads\/2021\/12\/IMG-0750-225x300.jpg 225w, http:\/\/www.xn--rittervonkhnburg-tzb.at\/wp-content\/uploads\/2021\/12\/IMG-0750-768x1024.jpg 768w, http:\/\/www.xn--rittervonkhnburg-tzb.at\/wp-content\/uploads\/2021\/12\/IMG-0750-1152x1536.jpg 1152w, http:\/\/www.xn--rittervonkhnburg-tzb.at\/wp-content\/uploads\/2021\/12\/IMG-0750-1200x1600.jpg 1200w, http:\/\/www.xn--rittervonkhnburg-tzb.at\/wp-content\/uploads\/2021\/12\/IMG-0750.jpg 1536w\" sizes=\"auto, (max-width: 225px) 100vw, 225px\" \/><\/figure>\n\n\n\n<figure class=\"wp-block-image size-medium\"><img loading=\"lazy\" decoding=\"async\" width=\"225\" height=\"300\" src=\"http:\/\/www.xn--rittervonkhnburg-tzb.at\/wp-content\/uploads\/2021\/12\/IMG-0752-225x300.jpg\" alt=\"\" class=\"wp-image-198\" srcset=\"http:\/\/www.xn--rittervonkhnburg-tzb.at\/wp-content\/uploads\/2021\/12\/IMG-0752-225x300.jpg 225w, http:\/\/www.xn--rittervonkhnburg-tzb.at\/wp-content\/uploads\/2021\/12\/IMG-0752-768x1024.jpg 768w, http:\/\/www.xn--rittervonkhnburg-tzb.at\/wp-content\/uploads\/2021\/12\/IMG-0752-1152x1536.jpg 1152w, http:\/\/www.xn--rittervonkhnburg-tzb.at\/wp-content\/uploads\/2021\/12\/IMG-0752-1200x1600.jpg 1200w, http:\/\/www.xn--rittervonkhnburg-tzb.at\/wp-content\/uploads\/2021\/12\/IMG-0752.jpg 1536w\" sizes=\"auto, (max-width: 225px) 100vw, 225px\" \/><\/figure>\n\n\n\n<p>01.09.2021 Nuri van het Dreiland geht es wieder sehr gut. Sie ist wieder fit und man merkt ihr nichts mehr an. Aufgrund der Notoperation musste leider auch die Geb\u00e4rmutter entfernt werden. Nuri ist somit in Zucht Pension. Das wichtigste ist, dass es ihr gut geht und sie alles ohne bleibenden Schaden \u00fcberstanden hat.<\/p>\n\n\n\n<p>03.08.2021 Nuri van het Dreiland musste Notoperiert werden. Sie wurde 3 Stunden lang operiert, aber sie hat es geschafft. Es geht ihr verh\u00e4ltnism\u00e4\u00dfig gut. Jetzt hoffen wir, dass alles gut wird und Nuri bald wieder fit ist. <\/p>\n\n\n\n<p>02.08.2021 Leider hat Nuri van het Dreiland alle ihre Welpen verloren. Es geht ihr derzeit leider gar nicht gut. Wir versuchen eine durch das Absterben der Welpen verursachte Geb\u00e4rmutterentz\u00fcndung in den Griff zu bekommen. <\/p>\n\n\n\n<figure class=\"wp-block-image\"><img loading=\"lazy\" decoding=\"async\" width=\"300\" height=\"225\" src=\"http:\/\/www.xn--rittervonkhnburg-tzb.at\/wp-content\/uploads\/2021\/07\/Ultraschall-1-300x225.jpg\" alt=\"\" class=\"wp-image-177\" srcset=\"http:\/\/www.xn--rittervonkhnburg-tzb.at\/wp-content\/uploads\/2021\/07\/Ultraschall-1-300x225.jpg 300w, http:\/\/www.xn--rittervonkhnburg-tzb.at\/wp-content\/uploads\/2021\/07\/Ultraschall-1-1024x768.jpg 1024w, http:\/\/www.xn--rittervonkhnburg-tzb.at\/wp-content\/uploads\/2021\/07\/Ultraschall-1-768x576.jpg 768w, http:\/\/www.xn--rittervonkhnburg-tzb.at\/wp-content\/uploads\/2021\/07\/Ultraschall-1-1536x1152.jpg 1536w, http:\/\/www.xn--rittervonkhnburg-tzb.at\/wp-content\/uploads\/2021\/07\/Ultraschall-1-2048x1536.jpg 2048w, http:\/\/www.xn--rittervonkhnburg-tzb.at\/wp-content\/uploads\/2021\/07\/Ultraschall-1-1200x900.jpg 1200w, http:\/\/www.xn--rittervonkhnburg-tzb.at\/wp-content\/uploads\/2021\/07\/Ultraschall-1-1980x1485.jpg 1980w\" sizes=\"auto, (max-width: 300px) 100vw, 300px\" \/><\/figure>\n\n\n\n<p>25.07.2021 Nuri van het Dreiland ist laut Ultraschall tragend<\/p>\n\n\n\n<p>27.06.2021 Nuri van het Dreiland wurde Daimon vom Hause Ritter belegt<\/p>\n\n\n\n<figure class=\"wp-block-image\"><img loading=\"lazy\" decoding=\"async\" width=\"223\" height=\"300\" src=\"http:\/\/www.xn--rittervonkhnburg-tzb.at\/wp-content\/uploads\/2021\/07\/Decken-Nuri-223x300.jpg\" alt=\"\" class=\"wp-image-164\" srcset=\"http:\/\/www.xn--rittervonkhnburg-tzb.at\/wp-content\/uploads\/2021\/07\/Decken-Nuri-223x300.jpg 223w, http:\/\/www.xn--rittervonkhnburg-tzb.at\/wp-content\/uploads\/2021\/07\/Decken-Nuri-762x1024.jpg 762w, http:\/\/www.xn--rittervonkhnburg-tzb.at\/wp-content\/uploads\/2021\/07\/Decken-Nuri-768x1032.jpg 768w, http:\/\/www.xn--rittervonkhnburg-tzb.at\/wp-content\/uploads\/2021\/07\/Decken-Nuri-1143x1536.jpg 1143w, http:\/\/www.xn--rittervonkhnburg-tzb.at\/wp-content\/uploads\/2021\/07\/Decken-Nuri-1200x1613.jpg 1200w, http:\/\/www.xn--rittervonkhnburg-tzb.at\/wp-content\/uploads\/2021\/07\/Decken-Nuri.jpg 1488w\" sizes=\"auto, (max-width: 223px) 100vw, 223px\" \/><\/figure>\n\n\n\n<p>10.09.2020 Fay vom Hause Ritter hat heute 11 gesunde Welpen geboren. Es sind 4 R\u00fcden und 7 H\u00fcndinnen. <\/p>\n\n\n\n<p>08.08.2020 Fay vom Hause Ritter ist laut Ultraschall tragend.<\/p>\n\n\n\n<figure class=\"wp-block-image\"><img loading=\"lazy\" decoding=\"async\" width=\"225\" height=\"300\" src=\"http:\/\/www.xn--rittervonkhnburg-tzb.at\/wp-content\/uploads\/2020\/08\/IMG-2025-1-225x300.jpg\" alt=\"\" class=\"wp-image-131\" srcset=\"http:\/\/www.xn--rittervonkhnburg-tzb.at\/wp-content\/uploads\/2020\/08\/IMG-2025-1-225x300.jpg 225w, http:\/\/www.xn--rittervonkhnburg-tzb.at\/wp-content\/uploads\/2020\/08\/IMG-2025-1-768x1024.jpg 768w, http:\/\/www.xn--rittervonkhnburg-tzb.at\/wp-content\/uploads\/2020\/08\/IMG-2025-1-1152x1536.jpg 1152w, http:\/\/www.xn--rittervonkhnburg-tzb.at\/wp-content\/uploads\/2020\/08\/IMG-2025-1-1536x2048.jpg 1536w, http:\/\/www.xn--rittervonkhnburg-tzb.at\/wp-content\/uploads\/2020\/08\/IMG-2025-1-1200x1600.jpg 1200w, http:\/\/www.xn--rittervonkhnburg-tzb.at\/wp-content\/uploads\/2020\/08\/IMG-2025-1-1980x2640.jpg 1980w, http:\/\/www.xn--rittervonkhnburg-tzb.at\/wp-content\/uploads\/2020\/08\/IMG-2025-1-scaled.jpg 1920w\" sizes=\"auto, (max-width: 225px) 100vw, 225px\" \/><\/figure>\n\n\n\n<p>12.07.2020 Fay vom Hause Ritter wurde von Nuts van het Dreiland belegt.<\/p>\n\n\n\n<figure class=\"wp-block-image size-medium\"><img loading=\"lazy\" decoding=\"async\" width=\"225\" height=\"300\" src=\"http:\/\/www.xn--rittervonkhnburg-tzb.at\/wp-content\/uploads\/2020\/07\/Deckung-2-1-225x300.jpg\" alt=\"\" class=\"wp-image-124\" srcset=\"http:\/\/www.xn--rittervonkhnburg-tzb.at\/wp-content\/uploads\/2020\/07\/Deckung-2-1-225x300.jpg 225w, http:\/\/www.xn--rittervonkhnburg-tzb.at\/wp-content\/uploads\/2020\/07\/Deckung-2-1.jpg 456w\" sizes=\"auto, (max-width: 225px) 100vw, 225px\" \/><\/figure>\n\n\n\n<p><\/p>\n","protected":false},"excerpt":{"rendered":"<p>27.08.2025 Dash, der Welpe aus dem D-Wurf, zieht nach Deutschland und wird dort ein Rettungshund bei der Feuerwehr. 06.05.2025 Anubis &#8222;Kali&#8220; Ritter von Kh\u00fcnburg hat einen gesunden Welpen zur Welt gebracht. Leider gab es bei der Geburt Komplikationen und das Geschwisterchen hat es nicht geschafft. 04.03.2025 Anubis &#8222;Kali&#8220; Ritter von Kh\u00fcnburg wurde in S\u00fcdtirol von [&hellip;]<\/p>\n","protected":false},"author":1,"featured_media":0,"parent":0,"menu_order":0,"comment_status":"closed","ping_status":"closed","template":"","meta":{"footnotes":""},"class_list":["post-95","page","type-page","status-publish","hentry"],"_links":{"self":[{"href":"http:\/\/www.xn--rittervonkhnburg-tzb.at\/index.php?rest_route=\/wp\/v2\/pages\/95","targetHints":{"allow":["GET"]}}],"collection":[{"href":"http:\/\/www.xn--rittervonkhnburg-tzb.at\/index.php?rest_route=\/wp\/v2\/pages"}],"about":[{"href":"http:\/\/www.xn--rittervonkhnburg-tzb.at\/index.php?rest_route=\/wp\/v2\/types\/page"}],"author":[{"embeddable":true,"href":"http:\/\/www.xn--rittervonkhnburg-tzb.at\/index.php?rest_route=\/wp\/v2\/users\/1"}],"replies":[{"embeddable":true,"href":"http:\/\/www.xn--rittervonkhnburg-tzb.at\/index.php?rest_route=%2Fwp%2Fv2%2Fcomments&post=95"}],"version-history":[{"count":20,"href":"http:\/\/www.xn--rittervonkhnburg-tzb.at\/index.php?rest_route=\/wp\/v2\/pages\/95\/revisions"}],"predecessor-version":[{"id":335,"href":"http:\/\/www.xn--rittervonkhnburg-tzb.at\/index.php?rest_route=\/wp\/v2\/pages\/95\/revisions\/335"}],"wp:attachment":[{"href":"http:\/\/www.xn--rittervonkhnburg-tzb.at\/index.php?rest_route=%2Fwp%2Fv2%2Fmedia&parent=95"}],"curies":[{"name":"wp","href":"https:\/\/api.w.org\/{rel}","templated":true}]}}